{"id":57,"date":"2017-04-27T14:30:20","date_gmt":"2017-04-27T12:30:20","guid":{"rendered":"http:\/\/www.playaelisabay.be\/?page_id=57"},"modified":"2025-09-11T14:02:17","modified_gmt":"2025-09-11T12:02:17","slug":"appartement","status":"publish","type":"page","link":"https:\/\/www.playaelisabay.be\/fr\/lappartement\/","title":{"rendered":"L&#8217;appartement"},"content":{"rendered":"<p><strong>Description:<\/strong><\/p>\n<p>L&#8217;appartement est au premier \u00e9tage avec vue sur la piscine et fait partie du complexe &#8220;Playa Elisa Bay&#8221; \u00e0 Torre de la Horadada. Ces appartements modernes (achev\u00e9s en 2017) sont construits autour de piscines et de terrains de jeux communs. Il y a de nombreux restaurants, bars et magasins \u00e0 proximit\u00e9. <strong>La belle plage avec des bars et des restaurants est \u00e0 350 m\u00e8tres.<\/strong><\/p>\n<div class=\"foogallery foogallery-container foogallery-default foogallery-lightbox-foobox fg-gutter-10 fg-center fg-default fg-light fg-border-thin  fg-shadow-small  fg-loading-default fg-loaded-fade-in fg-custom    fg-hover-fade fg-hover-zoom\" id=\"foogallery-gallery-73\" data-foogallery=\"{&quot;item&quot;:{&quot;showCaptionTitle&quot;:true,&quot;showCaptionDescription&quot;:false},&quot;lazy&quot;:true,&quot;src&quot;:&quot;data-src-fg&quot;,&quot;srcset&quot;:&quot;data-srcset-fg&quot;,&quot;paging&quot;:{&quot;type&quot;:&quot;dots&quot;,&quot;theme&quot;:&quot;fg-light&quot;,&quot;size&quot;:6,&quot;position&quot;:&quot;both&quot;,&quot;scrollToTop&quot;:true}}\" data-fg-common-fields=\"1\" >\r\n\t<div class=\"fg-item\"><figure class=\"fg-item-inner\"><a  href=\"https:\/\/i0.wp.com\/www.playaelisabay.be\/wp-content\/uploads\/2018\/05\/DSC_0009-e1536053132447.jpg?fit=1920%2C1280&amp;ssl=1\" data-attachment-id=\"448\" class=\" fg-thumb\"><img  width=\"150\" height=\"150\" data-src-fg=\"https:\/\/www.playaelisabay.be\/wp-content\/uploads\/cache\/remote\/i0-wp-com\/-344745177.jpg\" class=\"fg-image\" \/><\/a><figcaption class=\"fg-caption\"><div class=\"fg-caption-inner\"><\/div><\/figcaption><\/figure><\/div><div class=\"fg-item\"><figure class=\"fg-item-inner\"><a  href=\"https:\/\/i2.wp.com\/www.playaelisabay.be\/wp-content\/uploads\/2018\/05\/DSC_0010-e1536053144752.jpg?fit=1920%2C1280&amp;ssl=1\" data-attachment-id=\"447\" class=\" fg-thumb\"><img  width=\"150\" height=\"150\" data-src-fg=\"https:\/\/www.playaelisabay.be\/wp-content\/uploads\/cache\/remote\/i2-wp-com\/668227278.jpg\" class=\"fg-image\" \/><\/a><figcaption class=\"fg-caption\"><div class=\"fg-caption-inner\"><\/div><\/figcaption><\/figure><\/div><div class=\"fg-item\"><figure class=\"fg-item-inner\"><a  href=\"https:\/\/i2.wp.com\/www.playaelisabay.be\/wp-content\/uploads\/2018\/05\/DSC_0012-e1536053169904.jpg?fit=1920%2C1280&amp;ssl=1\" data-attachment-id=\"445\" class=\" fg-thumb\"><img  width=\"150\" height=\"150\" data-src-fg=\"https:\/\/www.playaelisabay.be\/wp-content\/uploads\/cache\/remote\/i2-wp-com\/-1855941901.jpg\" class=\"fg-image\" \/><\/a><figcaption class=\"fg-caption\"><div class=\"fg-caption-inner\"><\/div><\/figcaption><\/figure><\/div><div class=\"fg-item\"><figure class=\"fg-item-inner\"><a  href=\"https:\/\/i2.wp.com\/www.playaelisabay.be\/wp-content\/uploads\/2018\/05\/DSC_0013-e1536053183332.jpg?fit=1920%2C1280&amp;ssl=1\" data-attachment-id=\"444\" class=\" fg-thumb\"><img  width=\"150\" height=\"150\" data-src-fg=\"https:\/\/www.playaelisabay.be\/wp-content\/uploads\/cache\/remote\/i2-wp-com\/1940621581.jpg\" class=\"fg-image\" \/><\/a><figcaption class=\"fg-caption\"><div class=\"fg-caption-inner\"><\/div><\/figcaption><\/figure><\/div><div class=\"fg-item\"><figure class=\"fg-item-inner\"><a  href=\"https:\/\/i2.wp.com\/www.playaelisabay.be\/wp-content\/uploads\/2018\/05\/DSC_0037-e1536053215832.jpg?fit=1920%2C1280&amp;ssl=1\" data-attachment-id=\"441\" class=\" fg-thumb\"><img  width=\"150\" height=\"150\" data-src-fg=\"https:\/\/www.playaelisabay.be\/wp-content\/uploads\/cache\/remote\/i2-wp-com\/101984878.jpg\" class=\"fg-image\" \/><\/a><figcaption class=\"fg-caption\"><div class=\"fg-caption-inner\"><\/div><\/figcaption><\/figure><\/div><div class=\"fg-item\"><figure class=\"fg-item-inner\"><a  href=\"https:\/\/i1.wp.com\/www.playaelisabay.be\/wp-content\/uploads\/2018\/05\/DSC_0046-e1536053264758.jpg?fit=1920%2C1280&amp;ssl=1\" data-attachment-id=\"436\" class=\" fg-thumb\"><img  width=\"150\" height=\"150\" data-src-fg=\"https:\/\/www.playaelisabay.be\/wp-content\/uploads\/cache\/remote\/i1-wp-com\/-141979696.jpg\" class=\"fg-image\" \/><\/a><figcaption class=\"fg-caption\"><div class=\"fg-caption-inner\"><\/div><\/figcaption><\/figure><\/div><\/div>\r\n<script type=\"text\/javascript\">  window[\"foogallery-gallery-73-items\"] = [{\"href\":\"https:\\\/\\\/i2.wp.com\\\/www.playaelisabay.be\\\/wp-content\\\/uploads\\\/2018\\\/05\\\/DSC_0042-e1536053234750.jpg?fit=1920%2C1280&ssl=1\",\"src\":\"https:\\\/\\\/www.playaelisabay.be\\\/wp-content\\\/uploads\\\/cache\\\/remote\\\/i2-wp-com\\\/-274203322.jpg\",\"width\":150,\"height\":150,\"title\":\"DSC_0042\",\"alt\":\"\",\"attr\":{\"anchor\":{\"data-attachment-id\":439}}}, {\"href\":\"https:\\\/\\\/i0.wp.com\\\/www.playaelisabay.be\\\/wp-content\\\/uploads\\\/2018\\\/05\\\/DSC_0044-e1536053253344.jpg?fit=1920%2C1280&ssl=1\",\"src\":\"https:\\\/\\\/www.playaelisabay.be\\\/wp-content\\\/uploads\\\/cache\\\/remote\\\/i0-wp-com\\\/983488883.jpg\",\"width\":150,\"height\":150,\"title\":\"DSC_0044\",\"alt\":\"\",\"attr\":{\"anchor\":{\"data-attachment-id\":437}}}, {\"href\":\"https:\\\/\\\/i1.wp.com\\\/www.playaelisabay.be\\\/wp-content\\\/uploads\\\/2018\\\/05\\\/DSC_0050-e1536053301190.jpg?fit=1920%2C1280&ssl=1\",\"src\":\"https:\\\/\\\/www.playaelisabay.be\\\/wp-content\\\/uploads\\\/cache\\\/remote\\\/i1-wp-com\\\/-430070173.jpg\",\"width\":150,\"height\":150,\"title\":\"DSC_0050\",\"alt\":\"\",\"attr\":{\"anchor\":{\"data-attachment-id\":432}}}, {\"href\":\"https:\\\/\\\/i2.wp.com\\\/www.playaelisabay.be\\\/wp-content\\\/uploads\\\/2018\\\/05\\\/DSC_0049-e1536053291437.jpg?fit=1920%2C1280&ssl=1\",\"src\":\"https:\\\/\\\/www.playaelisabay.be\\\/wp-content\\\/uploads\\\/cache\\\/remote\\\/i2-wp-com\\\/1927240839.jpg\",\"width\":150,\"height\":150,\"title\":\"DSC_0049\",\"alt\":\"\",\"attr\":{\"anchor\":{\"data-attachment-id\":433}}}, {\"href\":\"https:\\\/\\\/i1.wp.com\\\/www.playaelisabay.be\\\/wp-content\\\/uploads\\\/2018\\\/05\\\/DSC_0052-e1536053321899.jpg?fit=1920%2C1280&ssl=1\",\"src\":\"https:\\\/\\\/www.playaelisabay.be\\\/wp-content\\\/uploads\\\/cache\\\/remote\\\/i1-wp-com\\\/-367631421.jpg\",\"width\":150,\"height\":150,\"title\":\"DSC_0052\",\"alt\":\"\",\"attr\":{\"anchor\":{\"data-attachment-id\":430}}}, {\"href\":\"https:\\\/\\\/i1.wp.com\\\/www.playaelisabay.be\\\/wp-content\\\/uploads\\\/2017\\\/09\\\/107914026-1.jpg?fit=1200%2C900&ssl=1\",\"src\":\"https:\\\/\\\/www.playaelisabay.be\\\/wp-content\\\/uploads\\\/cache\\\/remote\\\/i1-wp-com\\\/493341801.jpg\",\"width\":150,\"height\":150,\"title\":\"107914026\",\"alt\":\"\",\"attr\":{\"anchor\":{\"data-attachment-id\":330}}}  ];<\/script>\n<p><strong>L&#8217;appartement:<\/strong><\/p>\n<ul>\n<li>maximum 4 personnes<\/li>\n<li>2 chambres<\/li>\n<li>2 salles de bain avec toilette et douche<\/li>\n<li>cuisine enti\u00e8rement \u00e9quip\u00e9e<\/li>\n<li>machine \u00e0 caf\u00e9 + Dolce Gusto<\/li>\n<li>Grille-pain<\/li>\n<li>machine a laver<\/li>\n<li>salon \/ salle \u00e0 manger<\/li>\n<li>Terrasse de 10m2 avec vue sur la piscine<\/li>\n<li>Mobilier d&#8217;ext\u00e9rieur<\/li>\n<li>air conditionn\u00e9 (froid \/ chaud)<\/li>\n<li>premier \u00e9tage (ascenseur disponible)<\/li>\n<\/ul>\n<p><strong>Les commodit\u00e9s:<\/strong><\/p>\n<ul>\n<li>Internet sans fil<\/li>\n<li>Air conditionn\u00e9 (chaud \/ froid)<\/li>\n<li>Volets Roulants<\/li>\n<li>Piscines communes<\/li>\n<li>Piscine pour enfants et jacuzzi<\/li>\n<li>lit et chaise<\/li>\n<li>draps et serviettes (1 grande + 1 petite serviette pp)<\/li>\n<li>Parking gratuit<\/li>\n<\/ul>\n<p><strong>Important:<\/strong><\/p>\n<ul>\n<li>Fumer n&#8217;est pas permis<\/li>\n<li>Pas d&#8217;animaux<\/li>\n<\/ul>\n<p style=\"text-align: left;\"><strong>Facultatif:<\/strong><\/p>\n<ul>\n<li style=\"text-align: left;\">transport de l&#8217;a\u00e9roport (Murcia + Alicante)<\/li>\n<\/ul>\n<p><div class=\"foogallery foogallery-container foogallery-default foogallery-lightbox-foobox fg-gutter-10 fg-center fg-default fg-light fg-border-thin  fg-shadow-small  fg-loading-default fg-loaded-fade-in fg-custom    fg-hover-fade fg-hover-zoom\" id=\"foogallery-gallery-80\" data-foogallery=\"{&quot;item&quot;:{&quot;showCaptionTitle&quot;:true,&quot;showCaptionDescription&quot;:false},&quot;lazy&quot;:true,&quot;src&quot;:&quot;data-src-fg&quot;,&quot;srcset&quot;:&quot;data-srcset-fg&quot;,&quot;paging&quot;:{&quot;type&quot;:&quot;dots&quot;,&quot;theme&quot;:&quot;fg-light&quot;,&quot;size&quot;:6,&quot;position&quot;:&quot;both&quot;,&quot;scrollToTop&quot;:true}}\" data-fg-common-fields=\"1\" >\r\n\t<div class=\"fg-item\"><figure class=\"fg-item-inner\"><a  href=\"https:\/\/i2.wp.com\/www.playaelisabay.be\/wp-content\/uploads\/2018\/07\/DSC_0002-e1536053108334.jpg?fit=1920%2C1280&amp;ssl=1\" data-attachment-id=\"455\" class=\" fg-thumb\"><img  width=\"150\" height=\"150\" data-src-fg=\"https:\/\/www.playaelisabay.be\/wp-content\/uploads\/cache\/remote\/i2-wp-com\/1426242993.jpg\" class=\"fg-image\" \/><\/a><figcaption class=\"fg-caption\"><div class=\"fg-caption-inner\"><\/div><\/figcaption><\/figure><\/div><div class=\"fg-item\"><figure class=\"fg-item-inner\"><a  href=\"https:\/\/i2.wp.com\/www.playaelisabay.be\/wp-content\/uploads\/2017\/04\/DSC_0010.jpg?fit=6000%2C4000&amp;ssl=1\" data-attachment-id=\"185\" class=\" fg-thumb\"><img  width=\"150\" height=\"150\" data-src-fg=\"https:\/\/www.playaelisabay.be\/wp-content\/uploads\/cache\/remote\/i2-wp-com\/1661044091.jpg\" class=\"fg-image\" \/><\/a><figcaption class=\"fg-caption\"><div class=\"fg-caption-inner\"><\/div><\/figcaption><\/figure><\/div><div class=\"fg-item\"><figure class=\"fg-item-inner\"><a  href=\"https:\/\/i0.wp.com\/www.playaelisabay.be\/wp-content\/uploads\/2017\/04\/DSC_0011.jpg?fit=6000%2C4000&amp;ssl=1\" data-attachment-id=\"186\" class=\" fg-thumb\"><img  width=\"150\" height=\"150\" data-src-fg=\"https:\/\/www.playaelisabay.be\/wp-content\/uploads\/cache\/remote\/i0-wp-com\/-1088389793.jpg\" class=\"fg-image\" \/><\/a><figcaption class=\"fg-caption\"><div class=\"fg-caption-inner\"><\/div><\/figcaption><\/figure><\/div><div class=\"fg-item\"><figure class=\"fg-item-inner\"><a  href=\"https:\/\/i2.wp.com\/www.playaelisabay.be\/wp-content\/uploads\/2017\/04\/DSC_0012.jpg?fit=6000%2C4000&amp;ssl=1\" data-attachment-id=\"187\" class=\" fg-thumb\"><img  width=\"150\" height=\"150\" data-src-fg=\"https:\/\/www.playaelisabay.be\/wp-content\/uploads\/cache\/remote\/i2-wp-com\/1924927835.jpg\" class=\"fg-image\" \/><\/a><figcaption class=\"fg-caption\"><div class=\"fg-caption-inner\"><\/div><\/figcaption><\/figure><\/div><div class=\"fg-item\"><figure class=\"fg-item-inner\"><a  href=\"https:\/\/i1.wp.com\/www.playaelisabay.be\/wp-content\/uploads\/2017\/04\/DSC_0014.jpg?fit=4000%2C6000&amp;ssl=1\" data-attachment-id=\"188\" class=\" fg-thumb\"><img  width=\"150\" height=\"150\" data-src-fg=\"https:\/\/www.playaelisabay.be\/wp-content\/uploads\/cache\/remote\/i1-wp-com\/946986621.jpg\" class=\"fg-image\" \/><\/a><figcaption class=\"fg-caption\"><div class=\"fg-caption-inner\"><\/div><\/figcaption><\/figure><\/div><div class=\"fg-item\"><figure class=\"fg-item-inner\"><a  href=\"https:\/\/i0.wp.com\/www.playaelisabay.be\/wp-content\/uploads\/2017\/04\/DSC_0015.jpg?fit=4000%2C6000&amp;ssl=1\" data-attachment-id=\"189\" class=\" fg-thumb\"><img  width=\"150\" height=\"150\" data-src-fg=\"https:\/\/www.playaelisabay.be\/wp-content\/uploads\/cache\/remote\/i0-wp-com\/-1633400839.jpg\" class=\"fg-image\" \/><\/a><figcaption class=\"fg-caption\"><div class=\"fg-caption-inner\"><\/div><\/figcaption><\/figure><\/div><\/div>\r\n<script type=\"text\/javascript\">  window[\"foogallery-gallery-80-items\"] = [{\"href\":\"https:\\\/\\\/i2.wp.com\\\/www.playaelisabay.be\\\/wp-content\\\/uploads\\\/2017\\\/04\\\/DSC_0016.jpg?fit=4000%2C6000&ssl=1\",\"src\":\"https:\\\/\\\/www.playaelisabay.be\\\/wp-content\\\/uploads\\\/cache\\\/remote\\\/i2-wp-com\\\/-856704475.jpg\",\"width\":150,\"height\":150,\"title\":\"DSC_0016\",\"alt\":\"\",\"attr\":{\"anchor\":{\"data-attachment-id\":190}}}, {\"href\":\"https:\\\/\\\/i1.wp.com\\\/www.playaelisabay.be\\\/wp-content\\\/uploads\\\/2017\\\/04\\\/DSC_0017.jpg?fit=6000%2C4000&ssl=1\",\"src\":\"https:\\\/\\\/www.playaelisabay.be\\\/wp-content\\\/uploads\\\/cache\\\/remote\\\/i1-wp-com\\\/-312638776.jpg\",\"width\":150,\"height\":150,\"title\":\"DSC_0017\",\"alt\":\"\",\"attr\":{\"anchor\":{\"data-attachment-id\":191}}}, {\"href\":\"https:\\\/\\\/i2.wp.com\\\/www.playaelisabay.be\\\/wp-content\\\/uploads\\\/2017\\\/04\\\/DSC_0019.jpg?fit=4000%2C6000&ssl=1\",\"src\":\"https:\\\/\\\/www.playaelisabay.be\\\/wp-content\\\/uploads\\\/cache\\\/remote\\\/i2-wp-com\\\/1180122068.jpg\",\"width\":150,\"height\":150,\"title\":\"DSC_0019\",\"alt\":\"\",\"attr\":{\"anchor\":{\"data-attachment-id\":192}}}, {\"href\":\"https:\\\/\\\/i0.wp.com\\\/www.playaelisabay.be\\\/wp-content\\\/uploads\\\/2017\\\/04\\\/DSC_0021.jpg?fit=6000%2C4000&ssl=1\",\"src\":\"https:\\\/\\\/www.playaelisabay.be\\\/wp-content\\\/uploads\\\/cache\\\/remote\\\/i0-wp-com\\\/-537851862.jpg\",\"width\":150,\"height\":150,\"title\":\"DSC_0021\",\"alt\":\"\",\"attr\":{\"anchor\":{\"data-attachment-id\":194}}}, {\"href\":\"https:\\\/\\\/i2.wp.com\\\/www.playaelisabay.be\\\/wp-content\\\/uploads\\\/2017\\\/04\\\/DSC_0023.jpg?fit=6000%2C4000&ssl=1\",\"src\":\"https:\\\/\\\/www.playaelisabay.be\\\/wp-content\\\/uploads\\\/cache\\\/remote\\\/i2-wp-com\\\/-557357904.jpg\",\"width\":150,\"height\":150,\"title\":\"DSC_0023\",\"alt\":\"\",\"attr\":{\"anchor\":{\"data-attachment-id\":195}}}  ];<\/script><\/p>","protected":false},"excerpt":{"rendered":"<p>Description: L&#8217;appartement est au premier \u00e9tage avec vue sur la piscine et fait partie du complexe &#8220;Playa Elisa Bay&#8221; \u00e0 Torre de la Horadada. Ces appartements modernes (achev\u00e9s en 2017) &#8230;<\/p>\n","protected":false},"author":2,"featured_media":0,"parent":0,"menu_order":0,"comment_status":"closed","ping_status":"closed","template":"template-fullwidth.php","meta":{"footnotes":""},"class_list":["post-57","page","type-page","status-publish","hentry"],"_links":{"self":[{"href":"https:\/\/www.playaelisabay.be\/fr\/wp-json\/wp\/v2\/pages\/57"}],"collection":[{"href":"https:\/\/www.playaelisabay.be\/fr\/wp-json\/wp\/v2\/pages"}],"about":[{"href":"https:\/\/www.playaelisabay.be\/fr\/wp-json\/wp\/v2\/types\/page"}],"author":[{"embeddable":true,"href":"https:\/\/www.playaelisabay.be\/fr\/wp-json\/wp\/v2\/users\/2"}],"replies":[{"embeddable":true,"href":"https:\/\/www.playaelisabay.be\/fr\/wp-json\/wp\/v2\/comments?post=57"}],"version-history":[{"count":44,"href":"https:\/\/www.playaelisabay.be\/fr\/wp-json\/wp\/v2\/pages\/57\/revisions"}],"predecessor-version":[{"id":546,"href":"https:\/\/www.playaelisabay.be\/fr\/wp-json\/wp\/v2\/pages\/57\/revisions\/546"}],"wp:attachment":[{"href":"https:\/\/www.playaelisabay.be\/fr\/wp-json\/wp\/v2\/media?parent=57"}],"curies":[{"name":"wp","href":"https:\/\/api.w.org\/{rel}","templated":true}]}}