{"id":53,"date":"2017-04-27T14:29:40","date_gmt":"2017-04-27T12:29:40","guid":{"rendered":"http:\/\/www.playaelisabay.be\/?page_id=53"},"modified":"2018-11-13T13:25:19","modified_gmt":"2018-11-13T12:25:19","slug":"omgeving","status":"publish","type":"page","link":"https:\/\/www.playaelisabay.be\/fr\/alentours\/","title":{"rendered":"Alentours"},"content":{"rendered":"<p><strong>Torre de la Horadada<\/strong> est situ\u00e9e dans la partie la plus m\u00e9ridionale de la Costa Blanca (fronti\u00e8re Costa Calida), \u00e0 environ 50 minutes en voiture de l&#8217;a\u00e9roport d&#8217;Alicante et \u00e0 20 minutes de l&#8217;a\u00e9roport de Murcie.<\/p>\n<p>Avec son climat exceptionnel (avec une temp\u00e9rature moyenne de 20 \u00baC et 300 jours de soleil par an), Torre de la Horadada est le lieu id\u00e9al pour profiter de l\u2019atmosph\u00e8re m\u00e9diterran\u00e9enne. Sur la vaste plage de sable se trouvent de nombreux bars de plage o\u00f9 vous pourrez d\u00e9guster de savoureuses tapas et cocktails avec les pieds dans le sable. Il y a une promenade pi\u00e9tonne avec des restaurants, un port de plaisance et les plages ont \u00e9t\u00e9 r\u00e9compens\u00e9es par un drapeau bleu. En raison du climat favorable, Torre est \u00e9galement tr\u00e8s appropri\u00e9 pour l\u2019hivernage. En raison de l\u2019absence d\u2019industries lourdes et de la pr\u00e9sence de grandes salines (lacs sal\u00e9s), l\u2019air de la r\u00e9gion est dit tr\u00e8s pur. La Torre de la Horadada est une plaque tournante de nombreux sentiers de randonn\u00e9e et pistes cyclables qui traversent la r\u00e9gion.<\/p>\n<p>Apr\u00e8s seulement 10 km, vous \u00eates \u00e0 <strong>la Mar Menor<\/strong>, un magnifique lagon. \u00c0 Lo Pagan, vous pouvez prendre un bain de boue cicatrisant dans le lagon.<\/p>\n<p>Dans le quartier anim\u00e9 de <strong>Torrevieja<\/strong>, situ\u00e9 \u00e0 18 km, se trouve une belle promenade pi\u00e9tonne et un port de plaisance. Juste \u00e0 l&#8217;ext\u00e9rieur de la ville, vous trouverez la r\u00e9serve naturelle prot\u00e9g\u00e9e \u00abLagunas de la Mata et Torrevieja\u00bb.<\/p>\n<p><strong>Cartagena<\/strong>, ville portuaire culturelle r\u00e9put\u00e9e pour son amphith\u00e9\u00e2tre et son ch\u00e2teau offrant une vue magnifique, se trouve \u00e0 44 km.<\/p>\n<p><strong>Murcia<\/strong>, une ville avec une belle cath\u00e9drale, une vieille ville avec de nombreuses places et petites rues pour se promener, est \u00e0 55 km. Dans les environs de Murcie se trouve le parc naturel montagneux \u00abSierra de la Pila\u00bb. Et puis <strong>Elche<\/strong>, connue pour les chaussures.<\/p>\n<p>Le plus grand centre commercial du quartier de &#8216;<strong>La Zenia Boulevard<\/strong>&#8216; se trouve \u00e0 8 km. Plus de 150 magasins, y compris des magasins de v\u00eatements, des restaurants, des bars \u00e0 tapas, des supermarch\u00e9s et un village pour enfants. Ouvert tous les jours de 10h \u00e0 22h (parking gratuit). En outre, vous trouverez un <strong>casino, une salle de sport et un bowling<\/strong> sur le boulevard La Zenia.<\/p>\n<p>Sur <strong>les march\u00e9s locaux<\/strong>, vous pouvez non seulement acheter des fruits frais, mais aussi des souvenirs, des v\u00eatements, des sacs \u00e0 main, &#8230; Cela vaut certainement la peine de visiter l&#8217;un des nombreux march\u00e9s. <strong>Le march\u00e9 de Torrevieja<\/strong> est l\u2019un des <strong>plus importants d\u2019Espagne<\/strong>. Ce march\u00e9 a lieu tous les vendredis matin de 9h \u00e0 14h.<\/p>\n<p>Le march\u00e9 artisanal qui a lieu quotidiennement sur le Paseo Maritimo de la Libertad (Punta Prima) est le lieu id\u00e9al pour acheter des souvenirs.<\/p>\n<p class=\"normaltext\"><strong>March\u00e9s hebdomadaires:<\/strong><\/p>\n<p class=\"normaltext\"><u>Lundi<\/u>: Elche, Santa Pola &amp; San Pedro del Pinatar.<br \/>\n<u>Mardi<\/u>: Orihuela &amp; Alicante.<br \/>\n<u>Mercredi<\/u>: La Mata, Guardamar &amp; San Miguel de Salinas.<br \/>\n<u>Jeudi<\/u>: San Javier, Rojales &amp; Alicante.<br \/>\n<u>Vendredi<\/u>: Torrevieja, Pilar de la Horadada &amp; Los Montesinos<br \/>\n<u>Samedi<\/u>: Santa Pola, Elche, Almoradi, Alicante &amp; Playa Flamenca.<br \/>\n<u>Dimanche<\/u>: Campo de Guardamar, Elche, La Marina &amp; Campoverde.<\/p>\n<p><strong>Le rafting<\/strong>, qui voudrait naviguer sur une rivi\u00e8re peut le faire dans la descente du Segura \u00e0 Murcie, \u00e0 une heure de route de l&#8217;appartement.<\/p>\n<p><strong>Rio Safari<\/strong>, dans ce parc, vous trouverez les animaux les plus exotiques tels que les crocodiles, les \u00e9l\u00e9phants, les singes et les lions. Vous pouvez nager avec les lions de mer! Le parc est id\u00e9al pour un pique-nique. En \u00e9t\u00e9, le parc aquatique est accessible sans frais suppl\u00e9mentaires.<\/p>\n<p>En outre, il existe de nombreuses activit\u00e9s amusantes dans le quartier:<\/p>\n<p><style type=\"text\/css\">#post-grid-165 .element_0{display: block;font-size: 21px;line-height: normal;padding: 5px 10px;text-align: left;}#post-grid-165 .element_1{display: block;font-size: 12px;padding: 5px 10px;text-align: left;}#post-grid-165 .element_0:hover{}#post-grid-165 .element_1:hover{}#post-grid-165 .item{\r\n\t\t\tbackground:#fff;\r\n\t\r\n\t\t\t}<\/style><style type=\"text\/css\">\/*Write your CSS code here*\/<\/style><style type=\"text\/css\">#post-grid-165 {\r\n\t\t\tpadding:10px;\r\n\t\t\tbackground: #fff url() repeat scroll 0 0;\r\n\t\t}#post-grid-165 .item .layer-media{height:auto;overflow: hidden;\r\n\t\t}#post-grid-165 .item{\r\n\t\tmargin:10px;height:auto;}\r\n\t@media only screen and (min-width: 1024px ) {\r\n\t#post-grid-165 .item{width:280px}\r\n\t\r\n\t}\r\n\t\r\n\t@media only screen and ( min-width: 768px ) and ( max-width: 1023px ) {\r\n\t#post-grid-165 .item{width:280px}\r\n\t}\r\n\t\r\n\t@media only screen and ( min-width: 320px ) and ( max-width: 767px ) {\r\n\t#post-grid-165 .item{width:90%}\r\n\t}<\/style><div id=\"post-grid-165\" class=\"post-grid grid\"><div class=\"grid-nav-top\"><\/div><div class=\"grid-items \" id=\"\"><div  class=\"item mix skin even flat omgeving \"><div class=\"layer-media\"><a href=\"https:\/\/www.playaelisabay.be\/fr\/2017\/04\/28\/jet-ski\/\"><img decoding=\"async\" alt=\"\" src=\"https:\/\/i2.wp.com\/www.playaelisabay.be\/wp-content\/uploads\/2017\/04\/jet-ski-img.jpg?w=800&#038;ssl=1\" data-recalc-dims=\"1\" \/><\/a><\/div><div class=\"layer-content\"><div class=\"element element_0 title\"  >Jet Ski<\/div><div class=\"element element_1 excerpt\"  >Jet skis en andere watertuigen te huur tijdens de zomermaanden op La Zenia en Campoamor stranden.<\/div><\/div><\/div><div  class=\"item mix skin odd flat omgeving \"><div class=\"layer-media\"><a href=\"https:\/\/www.playaelisabay.be\/fr\/2016\/10\/24\/gezellige-stranden\/\"><img decoding=\"async\" alt=\"test\" src=\"https:\/\/i0.wp.com\/www.playaelisabay.be\/wp-content\/uploads\/2017\/04\/IMG_5490.jpg?resize=768%2C576&#038;ssl=1\" data-recalc-dims=\"1\" \/><\/a><\/div><div class=\"layer-content\"><div class=\"element element_0 title\"  >Gezellige stranden<\/div><div class=\"element element_1 excerpt\"  >Orihuela Costa is gekend voor zijn mooie stranden, ze zijn talrijk.<\/div><\/div><\/div><div  class=\"item mix skin even flat omgeving \"><div class=\"layer-media\"><a href=\"https:\/\/www.playaelisabay.be\/fr\/2017\/04\/28\/waterpretpark\/\"><img decoding=\"async\" alt=\"\" src=\"https:\/\/i0.wp.com\/www.playaelisabay.be\/wp-content\/uploads\/2017\/04\/iviy2wl2314727.jpg.pr_.jpg?resize=768%2C440&#038;ssl=1\" data-recalc-dims=\"1\" \/><\/a><\/div><div class=\"layer-content\"><div class=\"element element_0 title\"  >Waterpretpark<\/div><div class=\"element element_1 excerpt\"  >Geniet van de geweldige water attracties, hoge glijbanen en allerhande animatie. Open van juni tot september.<\/div><\/div><\/div><div  class=\"item mix skin odd flat omgeving \"><div class=\"layer-media\"><a href=\"https:\/\/www.playaelisabay.be\/fr\/2017\/04\/28\/duiken\/\"><img decoding=\"async\" alt=\"\" src=\"https:\/\/i1.wp.com\/www.playaelisabay.be\/wp-content\/uploads\/2017\/04\/beginners-scuba-diving-cozumel-mexico-1.jpg?resize=768%2C576&#038;ssl=1\" data-recalc-dims=\"1\" \/><\/a><\/div><div class=\"layer-content\"><div class=\"element element_0 title\"  >Duiken<\/div><div class=\"element element_1 excerpt\"  >Scubaworld is een klein duikcentrum gelegen aan Playa Flamenca. Ontdek de wondere wereld onder de golven.<\/div><\/div><\/div><div  class=\"item mix skin even flat omgeving \"><div class=\"layer-media\"><a href=\"https:\/\/www.playaelisabay.be\/fr\/2017\/04\/28\/go-karting\/\"><img decoding=\"async\" alt=\"\" src=\"https:\/\/i0.wp.com\/www.playaelisabay.be\/wp-content\/uploads\/2017\/04\/ocio.jpg?w=800&#038;ssl=1\" data-recalc-dims=\"1\" \/><\/a><\/div><div class=\"layer-content\"><div class=\"element element_0 title\"  >Go Karting<\/div><div class=\"element element_1 excerpt\"  >Go Karting voor jong en oud. Reeds vanaf 5 jaar kan je je uitleven op het fantastische buiten-circuit.<\/div><\/div><\/div><div  class=\"item mix skin odd flat omgeving \"><div class=\"layer-media\"><a href=\"https:\/\/www.playaelisabay.be\/fr\/2017\/04\/28\/golfen\/\"><img decoding=\"async\" alt=\"\" src=\"https:\/\/i1.wp.com\/www.playaelisabay.be\/wp-content\/uploads\/2017\/04\/01.jpg?resize=768%2C512&#038;ssl=1\" data-recalc-dims=\"1\" \/><\/a><\/div><div class=\"layer-content\"><div class=\"element element_0 title\"  >Golfen<\/div><div class=\"element element_1 excerpt\"  >Orihuela Costa staat bekend om zijn mooie en geweldige Golf terreinen. Deze liggen op 10 km afstand van Torrevieja.<\/div><\/div><\/div><\/div><div class=\"grid-nav-bottom\"><div class=\"pagination lite\"><\/div ><\/div><script>\r\n\t\tjQuery(document).ready(function($)\r\n\t\t{\r\n\t\t\t$(\"#post-grid-165 .layer-media .gallery\").owlCarousel({\r\n\t\t\t\t\r\n\t\t\t\titems : 1,\r\n\r\n\t\t\t\tnavText : [\"\",\"\"],\r\n\t\t\t\tautoplay: true,\r\n\t\t\t\tloop: true,\r\n\t\t\t\tautoHeight : true,\t\r\n\t\t\t\tnav : false,\t\r\n\t\t\t\tdots : false,\t\t\t\t\t\r\n\t\t\t\t\t\t\t\t\t\t\t\r\n\t\t\t\t\t\t\t\t\r\n\t\t\t\t});\r\n\t\t\r\n\t\t});<\/script><\/div><\/p>","protected":false},"excerpt":{"rendered":"<p>Torre de la Horadada est situ\u00e9e dans la partie la plus m\u00e9ridionale de la Costa Blanca (fronti\u00e8re Costa Calida), \u00e0 environ 50 minutes en voiture de l&#8217;a\u00e9roport d&#8217;Alicante et \u00e0 &#8230;<\/p>\n","protected":false},"author":2,"featured_media":0,"parent":0,"menu_order":0,"comment_status":"closed","ping_status":"closed","template":"template-fullwidth.php","meta":{"footnotes":""},"class_list":["post-53","page","type-page","status-publish","hentry"],"_links":{"self":[{"href":"https:\/\/www.playaelisabay.be\/fr\/wp-json\/wp\/v2\/pages\/53"}],"collection":[{"href":"https:\/\/www.playaelisabay.be\/fr\/wp-json\/wp\/v2\/pages"}],"about":[{"href":"https:\/\/www.playaelisabay.be\/fr\/wp-json\/wp\/v2\/types\/page"}],"author":[{"embeddable":true,"href":"https:\/\/www.playaelisabay.be\/fr\/wp-json\/wp\/v2\/users\/2"}],"replies":[{"embeddable":true,"href":"https:\/\/www.playaelisabay.be\/fr\/wp-json\/wp\/v2\/comments?post=53"}],"version-history":[{"count":21,"href":"https:\/\/www.playaelisabay.be\/fr\/wp-json\/wp\/v2\/pages\/53\/revisions"}],"predecessor-version":[{"id":498,"href":"https:\/\/www.playaelisabay.be\/fr\/wp-json\/wp\/v2\/pages\/53\/revisions\/498"}],"wp:attachment":[{"href":"https:\/\/www.playaelisabay.be\/fr\/wp-json\/wp\/v2\/media?parent=53"}],"curies":[{"name":"wp","href":"https:\/\/api.w.org\/{rel}","templated":true}]}}