{"id":106,"date":"2017-04-28T09:39:19","date_gmt":"2017-04-28T07:39:19","guid":{"rendered":"http:\/\/www.playaelisabay.be\/?page_id=106"},"modified":"2018-11-13T13:18:54","modified_gmt":"2018-11-13T12:18:54","slug":"ligging","status":"publish","type":"page","link":"https:\/\/www.playaelisabay.be\/fr\/emplacement\/","title":{"rendered":"Emplacement"},"content":{"rendered":"<p><style type=\"text\/css\" id=\"gmpMapStyles_1_56040\">\r\n\t#google_map_easy_1_56040 {\r\n        width: 100%;\r\n        height: 350px;\r\n        float: ;\r\n        border: 0px solid ;\r\n        margin: 0px;\r\n    }\r\n\t#gmapControlsNum_1_56040 {\r\n\t\twidth:100%\t}\r\n\t.gmpMapDetailsContainer#gmpMapDetailsContainer_1_56040 {\r\n\t\theight:350px;\r\n\t}\r\n\t.gmp_MapPreview#google_map_easy_1_56040 {\r\n\t\t\/*position:absolute;*\/\r\n\t\twidth:100%;\r\n\t}\r\n\t#mapConElem_1_56040{\r\n\t\twidth:100%\t}\r\n\t<\/style> <div class=\"gmp_map_opts \" id=\"mapConElem_1_56040\" data-id=\"1\" data-view-id=\"1_56040\" > <div class=\"gmpMapDetailsContainer\" id=\"gmpMapDetailsContainer_1_56040\"> <i class=\"gmpKMLLayersPreloader fa fa-spinner fa-spin\" aria-hidden=\"true\" style=\"display: none;\"><\/i> <div class=\"gmp_MapPreview \" id=\"google_map_easy_1_56040\"><\/div> <\/div> <div class=\"gmpMapProControlsCon\" id=\"gmpMapProControlsCon_1_56040\"> <\/div> <div class=\"gmpMapProDirectionsCon\" id=\"gmpMapProDirectionsCon_1_56040\" > <\/div> <div class=\"gmpMapProKmlFilterCon\" id=\"gmpMapProKmlFilterCon_1_56040\" > <\/div> <div class=\"gmpSocialSharingShell gmpSocialSharingShell_1_56040\"> <\/div> <div style=\"clear: both;\"><\/div> <\/div> <\/p>\n<p><a href=\"https:\/\/goo.gl\/maps\/j6cY9xYhEbP2\" target=\"_blank\" rel=\"noopener noreferrer\">Playa Elisa Bay 218<br \/>\nAvenida de Levante 102<br \/>\nTorre de la Horadada, Alicante<\/a><\/p>\n<hr \/>\n<h3><span class=\"ez-toc-section\" id=\"Emplacement\"><strong>Emplacement:<\/strong><\/span><\/h3>\n<ul>\n<li>5 minutes \u00e0 pied de la plage de Mil Palmeras<\/li>\n<li>\u00e0 8 km du boulevard La Zenia (tr\u00e8s grand centre commercial en plein air)<\/li>\n<li>\u00e0 15 km de Torrevieja<\/li>\n<li>\u00e0 60 km de l&#8217;a\u00e9roport d&#8217;Alicante (55min)<\/li>\n<li>\u00e0 20 km de l&#8217;a\u00e9roport de Murcie (15 min)<\/li>\n<\/ul>\n<h3><span class=\"ez-toc-section\" id=\"LE_CLIMAT\"><strong>LE CLIMAT:<\/strong><\/span><\/h3>\n<p>Vous envisagez d\u2019hiver, mais vous ne savez pas o\u00f9 aller? Alors la Costa Blanca est le choix id\u00e9al. Notre appartement vous offre tout le confort n\u00e9cessaire pour surmonter les mois d\u2019hiver.<\/p>\n<p>Depuis de nombreuses ann\u00e9es, l\u2019Espagne est l\u2019endroit id\u00e9al pour l\u2019hivernage. La Costa Blanca est le pr\u00e9curseur de l&#8217;Espagne en termes de destinations de vacances. Le climat attrayant, la culture et l&#8217;atmosph\u00e8re m\u00e9diterran\u00e9enne sont les \u00e9l\u00e9ments essentiels pour gagner l&#8217;hiver et choisir cette r\u00e9gion comme destination de vacances.<\/p>\n<p>Pour beaucoup de gens, l&#8217;hivernage est un grand pas en avant. C&#8217;est pourquoi choisir notre appartement dans un complexe de vacances magnifique et calme est le bon choix.<\/p>\n<p>La r\u00e9gion autour de Torrevieja est l\u2019un des endroits les plus sains d\u2019Europe gr\u00e2ce \u00e0 ses deux lacs sal\u00e9s. Les personnes souffrant de psoriasis, d&#8217;ecz\u00e9ma atopique, de maladies asthmatiques et rhumatismales en b\u00e9n\u00e9ficient. La douceur du climat hivernal et les nombreuses journ\u00e9es ensoleill\u00e9es y contribuent certainement.<\/p>\n<h3><span class=\"ez-toc-section\" id=\"ADRESSES_UTILES\">ADRESSES UTILES<\/span><\/h3>\n<ul>\n<li>Dualprix: supermarch\u00e9 \u00e0 700m<\/li>\n<li>Mercadona: tr\u00e8s grand supermarch\u00e9 \u00e0 3 km<\/li>\n<li>La Zenia Boulevard: tr\u00e8s grand centre commercial en plein air \u00e0 8 km<\/li>\n<li>Dans une rue lat\u00e9rale de la plage de Mil Palmeras, vous trouverez de nombreux restaurants et bars<\/li>\n<li>Plaza Anthonio Sanchez Lozano: petite place avec de nombreux restaurants et bars (Bar Willly, une bar cubain pour les amateurs de mojito et de tapas ), ainsi que 2 glaciers avec vue sur le port et accessibles \u00e0 pied<\/li>\n<\/ul>\n<p><div class=\"foogallery foogallery-container foogallery-image-viewer foogallery-link-image foogallery-lightbox-foobox-free fg-center fg-image-viewer fg-light fg-border-thin  fg-shadow-outline  fg-loading-default fg-loaded-fade-in fg-custom   fg-caption-always fg-hover-fade fg-hover-zoom\" id=\"foogallery-gallery-103\" data-foogallery=\"{&quot;item&quot;:{&quot;showCaptionTitle&quot;:true,&quot;showCaptionDescription&quot;:false},&quot;lazy&quot;:true,&quot;src&quot;:&quot;data-src-fg&quot;,&quot;srcset&quot;:&quot;data-srcset-fg&quot;}\" data-fg-common-fields=\"1\" >\r\n\t<div class=\"fiv-inner\">\r\n\t\t<div class=\"fiv-inner-container\">\r\n\t\t\t<div class=\"fg-item\"><figure class=\"fg-item-inner\"><a  href=\"https:\/\/i0.wp.com\/www.playaelisabay.be\/wp-content\/uploads\/2017\/09\/100866557.jpg?fit=1200%2C900&amp;ssl=1\" data-attachment-id=\"329\" class=\" fg-thumb\"><img  width=\"640\" height=\"360\" data-src-fg=\"https:\/\/www.playaelisabay.be\/wp-content\/uploads\/cache\/remote\/i0-wp-com\/-2037194817.jpg\" class=\"fg-image\" \/><\/a><figcaption class=\"fg-caption\"><div class=\"fg-caption-inner\"><\/div><\/figcaption><\/figure><\/div><div class=\"fg-item\"><figure class=\"fg-item-inner\"><a  href=\"https:\/\/i0.wp.com\/www.playaelisabay.be\/wp-content\/uploads\/2017\/04\/IMG_5490.jpg?fit=1600%2C1200&amp;ssl=1\" data-caption-title=\"test\" data-caption-desc=\"test\" data-attachment-id=\"102\" class=\" fg-thumb\"><img  alt=\"test\" title=\"test\" width=\"640\" height=\"360\" data-src-fg=\"https:\/\/www.playaelisabay.be\/wp-content\/uploads\/cache\/remote\/i0-wp-com\/642744255.jpg\" class=\"fg-image\" \/><\/a><figcaption class=\"fg-caption\"><div class=\"fg-caption-inner\"><div class=\"fg-caption-title\">test<\/div><\/div><\/figcaption><\/figure><\/div><div class=\"fg-item\"><figure class=\"fg-item-inner\"><a  href=\"https:\/\/i0.wp.com\/www.playaelisabay.be\/wp-content\/uploads\/2017\/04\/IMG_5491.jpg?fit=1600%2C1200&amp;ssl=1\" data-attachment-id=\"101\" class=\" fg-thumb\"><img  width=\"640\" height=\"360\" data-src-fg=\"https:\/\/www.playaelisabay.be\/wp-content\/uploads\/cache\/remote\/i0-wp-com\/-173535210.jpg\" class=\"fg-image\" \/><\/a><figcaption class=\"fg-caption\"><div class=\"fg-caption-inner\"><\/div><\/figcaption><\/figure><\/div><div class=\"fg-item\"><figure class=\"fg-item-inner\"><a  href=\"https:\/\/i0.wp.com\/www.playaelisabay.be\/wp-content\/uploads\/2017\/04\/o_1akng7hh61eda1pmtmsvtku1h15m_w_1000x800.jpg?fit=1000%2C682&amp;ssl=1\" data-attachment-id=\"100\" class=\" fg-thumb\"><img  width=\"640\" height=\"360\" data-src-fg=\"https:\/\/www.playaelisabay.be\/wp-content\/uploads\/cache\/remote\/i0-wp-com\/-706467313.jpg\" class=\"fg-image\" \/><\/a><figcaption class=\"fg-caption\"><div class=\"fg-caption-inner\"><\/div><\/figcaption><\/figure><\/div><div class=\"fg-item\"><figure class=\"fg-item-inner\"><a  href=\"https:\/\/i1.wp.com\/www.playaelisabay.be\/wp-content\/uploads\/2017\/04\/zenia1.jpg?fit=3088%2C2056&amp;ssl=1\" data-attachment-id=\"99\" class=\" fg-thumb\"><img  width=\"640\" height=\"360\" data-src-fg=\"https:\/\/www.playaelisabay.be\/wp-content\/uploads\/cache\/remote\/i1-wp-com\/1356130814.jpg\" class=\"fg-image\" \/><\/a><figcaption class=\"fg-caption\"><div class=\"fg-caption-inner\"><\/div><\/figcaption><\/figure><\/div><div class=\"fg-item\"><figure class=\"fg-item-inner\"><a  href=\"https:\/\/i0.wp.com\/www.playaelisabay.be\/wp-content\/uploads\/2017\/04\/DSC_0035-e1536053594221.jpg?fit=1920%2C1280&amp;ssl=1\" data-attachment-id=\"207\" class=\" fg-thumb\"><img  width=\"640\" height=\"360\" data-src-fg=\"https:\/\/www.playaelisabay.be\/wp-content\/uploads\/cache\/remote\/i0-wp-com\/-855108208.jpg\" class=\"fg-image\" \/><\/a><figcaption class=\"fg-caption\"><div class=\"fg-caption-inner\"><\/div><\/figcaption><\/figure><\/div><div class=\"fg-item\"><figure class=\"fg-item-inner\"><a  href=\"https:\/\/i2.wp.com\/www.playaelisabay.be\/wp-content\/uploads\/2017\/04\/DSC_0037-e1536053585212.jpg?fit=1920%2C1280&amp;ssl=1\" data-attachment-id=\"208\" class=\" fg-thumb\"><img  width=\"640\" height=\"360\" data-src-fg=\"https:\/\/www.playaelisabay.be\/wp-content\/uploads\/cache\/remote\/i2-wp-com\/1677090597.jpg\" class=\"fg-image\" \/><\/a><figcaption class=\"fg-caption\"><div class=\"fg-caption-inner\"><\/div><\/figcaption><\/figure><\/div><div class=\"fg-item\"><figure class=\"fg-item-inner\"><a  href=\"https:\/\/i1.wp.com\/www.playaelisabay.be\/wp-content\/uploads\/2017\/04\/DSC_0038-e1536053575501.jpg?fit=1920%2C1280&amp;ssl=1\" data-attachment-id=\"209\" class=\" fg-thumb\"><img  width=\"640\" height=\"360\" data-src-fg=\"https:\/\/www.playaelisabay.be\/wp-content\/uploads\/cache\/remote\/i1-wp-com\/-2136121821.jpg\" class=\"fg-image\" \/><\/a><figcaption class=\"fg-caption\"><div class=\"fg-caption-inner\"><\/div><\/figcaption><\/figure><\/div><div class=\"fg-item\"><figure class=\"fg-item-inner\"><a  href=\"https:\/\/i1.wp.com\/www.playaelisabay.be\/wp-content\/uploads\/2017\/04\/DSC_0046-e1536053566475.jpg?fit=1280%2C1920&amp;ssl=1\" data-attachment-id=\"210\" class=\" fg-thumb\"><img  width=\"640\" height=\"360\" data-src-fg=\"https:\/\/www.playaelisabay.be\/wp-content\/uploads\/cache\/remote\/i1-wp-com\/1190699796.jpg\" class=\"fg-image\" \/><\/a><figcaption class=\"fg-caption\"><div class=\"fg-caption-inner\"><\/div><\/figcaption><\/figure><\/div><div class=\"fg-item\"><figure class=\"fg-item-inner\"><a  href=\"https:\/\/i1.wp.com\/www.playaelisabay.be\/wp-content\/uploads\/2017\/04\/DSC_0030-1-e1536053555576.jpg?fit=1920%2C1280&amp;ssl=1\" data-attachment-id=\"211\" class=\" fg-thumb\"><img  width=\"640\" height=\"360\" data-src-fg=\"https:\/\/www.playaelisabay.be\/wp-content\/uploads\/cache\/remote\/i1-wp-com\/-344571541.jpg\" class=\"fg-image\" \/><\/a><figcaption class=\"fg-caption\"><div class=\"fg-caption-inner\"><\/div><\/figcaption><\/figure><\/div><div class=\"fg-item\"><figure class=\"fg-item-inner\"><a  href=\"https:\/\/i1.wp.com\/www.playaelisabay.be\/wp-content\/uploads\/2017\/04\/DSC_0029-e1536053505765.jpg?fit=1920%2C1280&amp;ssl=1\" data-attachment-id=\"291\" class=\" fg-thumb\"><img  width=\"640\" height=\"360\" data-src-fg=\"https:\/\/www.playaelisabay.be\/wp-content\/uploads\/cache\/remote\/i1-wp-com\/910400271.jpg\" class=\"fg-image\" \/><\/a><figcaption class=\"fg-caption\"><div class=\"fg-caption-inner\"><\/div><\/figcaption><\/figure><\/div><div class=\"fg-item\"><figure class=\"fg-item-inner\"><a  href=\"https:\/\/i0.wp.com\/www.playaelisabay.be\/wp-content\/uploads\/2017\/04\/DSC_0039-e1536053487113.jpg?fit=1920%2C1280&amp;ssl=1\" data-attachment-id=\"293\" class=\" fg-thumb\"><img  width=\"640\" height=\"360\" data-src-fg=\"https:\/\/www.playaelisabay.be\/wp-content\/uploads\/cache\/remote\/i0-wp-com\/-1909532328.jpg\" class=\"fg-image\" \/><\/a><figcaption class=\"fg-caption\"><div class=\"fg-caption-inner\"><\/div><\/figcaption><\/figure><\/div><div class=\"fg-item\"><figure class=\"fg-item-inner\"><a  href=\"https:\/\/i0.wp.com\/www.playaelisabay.be\/wp-content\/uploads\/2017\/04\/DSC_0040-e1536053478839.jpg?fit=1920%2C1280&amp;ssl=1\" data-attachment-id=\"294\" class=\" fg-thumb\"><img  width=\"640\" height=\"360\" data-src-fg=\"https:\/\/www.playaelisabay.be\/wp-content\/uploads\/cache\/remote\/i0-wp-com\/614862989.jpg\" class=\"fg-image\" \/><\/a><figcaption class=\"fg-caption\"><div class=\"fg-caption-inner\"><\/div><\/figcaption><\/figure><\/div><div class=\"fg-item\"><figure class=\"fg-item-inner\"><a  href=\"https:\/\/i1.wp.com\/www.playaelisabay.be\/wp-content\/uploads\/2017\/04\/DSC_0043-e1536053471365.jpg?fit=1920%2C1280&amp;ssl=1\" data-attachment-id=\"295\" class=\" fg-thumb\"><img  width=\"640\" height=\"360\" data-src-fg=\"https:\/\/www.playaelisabay.be\/wp-content\/uploads\/cache\/remote\/i1-wp-com\/-793079987.jpg\" class=\"fg-image\" \/><\/a><figcaption class=\"fg-caption\"><div class=\"fg-caption-inner\"><\/div><\/figcaption><\/figure><\/div><div class=\"fg-item\"><figure class=\"fg-item-inner\"><a  href=\"https:\/\/i2.wp.com\/www.playaelisabay.be\/wp-content\/uploads\/2017\/04\/DSC_0044-e1536053417493.jpg?fit=1920%2C1280&amp;ssl=1\" data-attachment-id=\"296\" class=\" fg-thumb\"><img  width=\"640\" height=\"360\" data-src-fg=\"https:\/\/www.playaelisabay.be\/wp-content\/uploads\/cache\/remote\/i2-wp-com\/2117464574.jpg\" class=\"fg-image\" \/><\/a><figcaption class=\"fg-caption\"><div class=\"fg-caption-inner\"><\/div><\/figcaption><\/figure><\/div><div class=\"fg-item\"><figure class=\"fg-item-inner\"><a  href=\"https:\/\/i0.wp.com\/www.playaelisabay.be\/wp-content\/uploads\/2017\/04\/DSC_0046-1-e1536053408801.jpg?fit=1920%2C1280&amp;ssl=1\" data-attachment-id=\"297\" class=\" fg-thumb\"><img  width=\"640\" height=\"360\" data-src-fg=\"https:\/\/www.playaelisabay.be\/wp-content\/uploads\/cache\/remote\/i0-wp-com\/1790396363.jpg\" class=\"fg-image\" \/><\/a><figcaption class=\"fg-caption\"><div class=\"fg-caption-inner\"><\/div><\/figcaption><\/figure><\/div><div class=\"fg-item\"><figure class=\"fg-item-inner\"><a  href=\"https:\/\/i1.wp.com\/www.playaelisabay.be\/wp-content\/uploads\/2017\/04\/DSC_0048-e1536053398242.jpg?fit=1920%2C1280&amp;ssl=1\" data-attachment-id=\"298\" class=\" fg-thumb\"><img  width=\"640\" height=\"360\" data-src-fg=\"https:\/\/www.playaelisabay.be\/wp-content\/uploads\/cache\/remote\/i1-wp-com\/343999231.jpg\" class=\"fg-image\" \/><\/a><figcaption class=\"fg-caption\"><div class=\"fg-caption-inner\"><\/div><\/figcaption><\/figure><\/div><div class=\"fg-item\"><figure class=\"fg-item-inner\"><a  href=\"https:\/\/i1.wp.com\/www.playaelisabay.be\/wp-content\/uploads\/2017\/04\/DSC_0050-e1536053381780.jpg?fit=1920%2C1280&amp;ssl=1\" data-attachment-id=\"300\" class=\" fg-thumb\"><img  width=\"640\" height=\"360\" data-src-fg=\"https:\/\/www.playaelisabay.be\/wp-content\/uploads\/cache\/remote\/i1-wp-com\/2076178770.jpg\" class=\"fg-image\" \/><\/a><figcaption class=\"fg-caption\"><div class=\"fg-caption-inner\"><\/div><\/figcaption><\/figure><\/div><div class=\"fg-item\"><figure class=\"fg-item-inner\"><a  href=\"https:\/\/i1.wp.com\/www.playaelisabay.be\/wp-content\/uploads\/2017\/04\/DSC_0052-e1536053355194.jpg?fit=1920%2C1280&amp;ssl=1\" data-attachment-id=\"302\" class=\" fg-thumb\"><img  width=\"640\" height=\"360\" data-src-fg=\"https:\/\/www.playaelisabay.be\/wp-content\/uploads\/cache\/remote\/i1-wp-com\/-1641862242.jpg\" class=\"fg-image\" \/><\/a><figcaption class=\"fg-caption\"><div class=\"fg-caption-inner\"><\/div><\/figcaption><\/figure><\/div><div class=\"fg-item\"><figure class=\"fg-item-inner\"><a  href=\"https:\/\/i0.wp.com\/www.playaelisabay.be\/wp-content\/uploads\/2017\/09\/100866560.jpg?fit=1280%2C720&amp;ssl=1\" data-attachment-id=\"321\" class=\" fg-thumb\"><img  width=\"640\" height=\"360\" data-src-fg=\"https:\/\/www.playaelisabay.be\/wp-content\/uploads\/cache\/remote\/i0-wp-com\/-152754722.jpg\" class=\"fg-image\" \/><\/a><figcaption class=\"fg-caption\"><div class=\"fg-caption-inner\"><\/div><\/figcaption><\/figure><\/div><div class=\"fg-item\"><figure class=\"fg-item-inner\"><a  href=\"https:\/\/i0.wp.com\/www.playaelisabay.be\/wp-content\/uploads\/2017\/09\/100866591.jpg?fit=1200%2C900&amp;ssl=1\" data-attachment-id=\"322\" class=\" fg-thumb\"><img  width=\"640\" height=\"360\" data-src-fg=\"https:\/\/www.playaelisabay.be\/wp-content\/uploads\/cache\/remote\/i0-wp-com\/1565786865.jpg\" class=\"fg-image\" \/><\/a><figcaption class=\"fg-caption\"><div class=\"fg-caption-inner\"><\/div><\/figcaption><\/figure><\/div>\t\t<\/div>\r\n\t\t<div class=\"fiv-ctrls\">\r\n\t\t\t<div class=\"fiv-prev\"><span>Prev<\/span><\/div>\r\n\t\t\t<label class=\"fiv-count\"><span class=\"fiv-count-current\">1<\/span>of<span class=\"fiv-count-total\">21<\/span><\/label>\r\n\t\t\t<div class=\"fiv-next\"><span>Next<\/span><\/div>\r\n\t\t<\/div>\r\n\t<\/div>\r\n<\/div><\/p>","protected":false},"excerpt":{"rendered":"<p>Playa Elisa Bay 218 Avenida de Levante 102 Torre de la Horadada, Alicante Emplacement: 5 minutes \u00e0 pied de la plage de Mil Palmeras \u00e0 8 km du boulevard La &#8230;<\/p>\n","protected":false},"author":2,"featured_media":0,"parent":0,"menu_order":0,"comment_status":"closed","ping_status":"closed","template":"template-fullwidth.php","meta":{"footnotes":""},"class_list":["post-106","page","type-page","status-publish","hentry"],"_links":{"self":[{"href":"https:\/\/www.playaelisabay.be\/fr\/wp-json\/wp\/v2\/pages\/106"}],"collection":[{"href":"https:\/\/www.playaelisabay.be\/fr\/wp-json\/wp\/v2\/pages"}],"about":[{"href":"https:\/\/www.playaelisabay.be\/fr\/wp-json\/wp\/v2\/types\/page"}],"author":[{"embeddable":true,"href":"https:\/\/www.playaelisabay.be\/fr\/wp-json\/wp\/v2\/users\/2"}],"replies":[{"embeddable":true,"href":"https:\/\/www.playaelisabay.be\/fr\/wp-json\/wp\/v2\/comments?post=106"}],"version-history":[{"count":34,"href":"https:\/\/www.playaelisabay.be\/fr\/wp-json\/wp\/v2\/pages\/106\/revisions"}],"predecessor-version":[{"id":497,"href":"https:\/\/www.playaelisabay.be\/fr\/wp-json\/wp\/v2\/pages\/106\/revisions\/497"}],"wp:attachment":[{"href":"https:\/\/www.playaelisabay.be\/fr\/wp-json\/wp\/v2\/media?parent=106"}],"curies":[{"name":"wp","href":"https:\/\/api.w.org\/{rel}","templated":true}]}}